{"id":266,"date":"2025-02-16T04:46:29","date_gmt":"2025-02-16T04:46:29","guid":{"rendered":"https:\/\/yidankarelli.com\/?page_id=266"},"modified":"2026-04-08T14:57:04","modified_gmt":"2026-04-08T14:57:04","slug":"bio-2","status":"publish","type":"page","link":"https:\/\/yidankarelli.com\/?page_id=266","title":{"rendered":"bio"},"content":{"rendered":"\n<p>[en] Yidan (Xi\u2019an, b. 1998) is a Chinese-born, london-based designer, writer, and researcher. She works across art, architecture, geography, and media studies, with a focus on how ideas move between places, languages, and forms. She studied at the University of Colorado Boulder&#8217;s department of environmental design and Columbia University&#8217;s graduate school of architecture, planning &amp; preservation. Her projects explore the meaning of translation in a broad sense\u2014between people, tools, and ways of seeing. She is currently a European research council grant funded PhD student at SOAS, University of London.\u00a0Her doctoral research investigates how Chinese capital reshapes the Parisian urban imagination through the lens of the fashion industry.<\/p>\n\n\n\n<p>[cn] \u674e\u61ff\u4e39\uff0c1998\u5e74\u751f\u4e8e\u897f\u5b89\uff0c\u73b0\u5c45\u4f26\u6566\uff0c\u662f\u4e00\u4f4d\u8bbe\u8ba1\u5e08\u3001\u5199\u4f5c\u8005\u4e0e\u7814\u7a76\u8005\u3002\u5979\u7684\u5b9e\u8df5\u6a2a\u8de8\u827a\u672f\u3001\u5efa\u7b51\u3001\u5730\u7406\u5b66\u4e0e\u5a92\u4f53\u7814\u7a76\uff0c\u5173\u6ce8\u89c2\u5ff5\u5982\u4f55\u5728\u8bed\u8a00\u3001\u5a92\u4ecb\u4e0e\u5730\u57df\u95f4\u6d41\u52a8\u3002\u5979\u6bd5\u4e1a\u4e8e\u79d1\u7f57\u62c9\u591a\u5927\u5b66\u535a\u5c14\u5fb7\u5206\u6821\u73af\u5883\u8bbe\u8ba1\u4e13\u4e1a\u548c\u54e5\u4f26\u6bd4\u4e9a\u5927\u5b66\u5efa\u7b51\u89c4\u5212\u548c\u4fdd\u62a4\u5b66\u9662\u3002\u5979\u7684\u9879\u76ee\u56f4\u7ed5\u5e7f\u4e49\u4e0a\u7684\u201c\u7ffb\u8bd1\u201d\u5c55\u5f00\u2014\u2014\u5728\u4eba\u4e0e\u4eba\u3001\u5de5\u5177\u4e0e\u89c6\u89d2\u4e4b\u95f4\u5bfb\u627e\u8fde\u63a5\u3002\u5979\u76ee\u524d\u662f\u4f26\u6566\u5927\u5b66\u4e9a\u975e\u5b66\u9662\u7684erc\u535a\u58eb\u7814\u7a76\u751f, \u63a2\u8ba8\u4e2d\u56fd\u8d44\u672c\u5982\u4f55\u901a\u8fc7\u65f6\u5c1a\u884c\u4e1a\u91cd\u5851\u5df4\u9ece\u7684\u57ce\u5e02\u60f3\u8c61\u3002<\/p>\n\n\n\n<p>[fr] Yidan (Xi\u2019an, n\u00e9e en 1998) est une designer, auteure et chercheuse chinoise qui vit \u00e0 Londres. Elle travaille entre l\u2019art, l\u2019architecture, de la g\u00e9ographie et des \u00e9tudes m\u00e9diatiques, en s\u2019int\u00e9ressant \u00e0 la mani\u00e8re dont les id\u00e9es circulent entre lieux, langues et formes. Elle a \u00e9tudi\u00e9 le design environnemental \u00e0 l\u2019Universit\u00e9 du Colorado \u00e0 Boulder et l\u2019architecture \u00e0 la Graduate School of Architecture, Planning &amp; Preservation de l\u2019Universit\u00e9 Columbia. Ses projets explorent le sens \u00e9largi de la traduction\u2014entre personnes, outils et fa\u00e7ons de voir. Elle est actuellement doctorante au sein d\u2019un projet ERC \u00e0 la SOAS, Universit\u00e9 de Londres. Sa recherche doctorale examine comment les capitaux chinois remod\u00e8lent l\u2019imaginaire urbain de Paris \u00e0 travers le prisme de l\u2019industrie de la mode.<\/p>\n\n\n\n<p><\/p>\n","protected":false},"excerpt":{"rendered":"<p>[en] Yidan (Xi\u2019an, b. 1998) is a Chinese-born, london-based designer, writer, and researcher. She works across art, architecture, geography, and media studies, with a focus on how ideas move between places, languages, and forms. She studied at the University of Colorado Boulder&#8217;s department of environmental design and Columbia University&#8217;s graduate school of architecture, planning &amp; [&hellip;]<\/p>\n","protected":false},"author":1,"featured_media":0,"parent":0,"menu_order":0,"comment_status":"closed","ping_status":"closed","template":"","meta":{"advanced_seo_description":"","jetpack_seo_html_title":"","jetpack_seo_noindex":false,"footnotes":""},"class_list":["post-266","page","type-page","status-publish","hentry"],"jetpack_sharing_enabled":true,"_links":{"self":[{"href":"https:\/\/yidankarelli.com\/index.php?rest_route=\/wp\/v2\/pages\/266","targetHints":{"allow":["GET"]}}],"collection":[{"href":"https:\/\/yidankarelli.com\/index.php?rest_route=\/wp\/v2\/pages"}],"about":[{"href":"https:\/\/yidankarelli.com\/index.php?rest_route=\/wp\/v2\/types\/page"}],"author":[{"embeddable":true,"href":"https:\/\/yidankarelli.com\/index.php?rest_route=\/wp\/v2\/users\/1"}],"replies":[{"embeddable":true,"href":"https:\/\/yidankarelli.com\/index.php?rest_route=%2Fwp%2Fv2%2Fcomments&post=266"}],"version-history":[{"count":15,"href":"https:\/\/yidankarelli.com\/index.php?rest_route=\/wp\/v2\/pages\/266\/revisions"}],"predecessor-version":[{"id":593,"href":"https:\/\/yidankarelli.com\/index.php?rest_route=\/wp\/v2\/pages\/266\/revisions\/593"}],"wp:attachment":[{"href":"https:\/\/yidankarelli.com\/index.php?rest_route=%2Fwp%2Fv2%2Fmedia&parent=266"}],"curies":[{"name":"wp","href":"https:\/\/api.w.org\/{rel}","templated":true}]}}